{"id":10,"date":"2021-01-24T07:31:05","date_gmt":"2021-01-24T07:31:05","guid":{"rendered":"https:\/\/www.xn--elinfysio-w2a.fi\/liikuttavan\/?page_id=10"},"modified":"2021-02-24T17:03:29","modified_gmt":"2021-02-24T17:03:29","slug":"news","status":"publish","type":"page","link":"https:\/\/www.liikuttavan.fi\/?page_id=10","title":{"rendered":"Koirat ja pentueet"},"content":{"rendered":"\n<figure class=\"wp-block-image size-large\"><img loading=\"lazy\" decoding=\"async\" width=\"940\" height=\"788\" src=\"https:\/\/www.xn--elinfysio-w2a.fi\/liikuttavan\/wp-content\/uploads\/2021\/02\/WhatsApp-Image-2021-02-12-at-11.14.34.jpeg\" alt=\"\" class=\"wp-image-80\" srcset=\"https:\/\/www.xn--elinfysio-w2a.fi\/liikuttavan\/wp-content\/uploads\/2021\/02\/WhatsApp-Image-2021-02-12-at-11.14.34.jpeg 940w, https:\/\/www.xn--elinfysio-w2a.fi\/liikuttavan\/wp-content\/uploads\/2021\/02\/WhatsApp-Image-2021-02-12-at-11.14.34-300x251.jpeg 300w, https:\/\/www.xn--elinfysio-w2a.fi\/liikuttavan\/wp-content\/uploads\/2021\/02\/WhatsApp-Image-2021-02-12-at-11.14.34-768x644.jpeg 768w\" sizes=\"auto, (max-width: 940px) 100vw, 940px\" \/><\/figure>\n\n\n\n<p>Liekki on astutettu 16.1.2021 ja 18.1.2021 Robilla. Astutus sujui hyvin molemmilla kerroilla. Alla esittelyt vanhemmista.<\/p>\n\n\n\n<h4 class=\"wp-block-heading\">Liekki, Von Schneeland Joiviri<\/h4>\n\n\n\n<p>Liekki on 6-vuotias bc narttu. Liekki on luonteeltaan avoin ja sosiaalinen ja rakastaa kaikkia vieraita ihmisi\u00e4 ensi hetkest\u00e4. Koirien kanssa Liekki tulee yleens\u00e4 hyvin juttuun ja reagoi vasta voimakkaasti provosoituna. Pyrkii v\u00e4ltt\u00e4m\u00e4\u00e4n konflikteja. Liekki rakastaa juosta kovaa ja se on paras leikki, jonka h\u00e4n tiet\u00e4\u00e4. Liekin perheeseen on tullut lapsi Liekin ollessa 1 vuotias. Lapsia kohtaan ei ole koskaan esiintynyt mit\u00e4\u00e4n negatiivista k\u00e4yt\u00f6st\u00e4. Ei vahdi, eik\u00e4 k\u00e4yt\u00e4 silm\u00e4\u00e4 tai paimenna. Leikkii lasten kanssa mielell\u00e4\u00e4n, mutta halutessaan lev\u00e4t\u00e4, pystyy tekem\u00e4\u00e4n sen lasten riehuessa vieress\u00e4.<\/p>\n\n\n\n<figure class=\"wp-block-image size-large\"><img loading=\"lazy\" decoding=\"async\" width=\"1024\" height=\"683\" src=\"https:\/\/www.xn--elinfysio-w2a.fi\/liikuttavan\/wp-content\/uploads\/2021\/02\/IMG_4376-1024x683.jpg\" alt=\"\" class=\"wp-image-107\" srcset=\"https:\/\/www.xn--elinfysio-w2a.fi\/liikuttavan\/wp-content\/uploads\/2021\/02\/IMG_4376-1024x683.jpg 1024w, https:\/\/www.xn--elinfysio-w2a.fi\/liikuttavan\/wp-content\/uploads\/2021\/02\/IMG_4376-300x200.jpg 300w, https:\/\/www.xn--elinfysio-w2a.fi\/liikuttavan\/wp-content\/uploads\/2021\/02\/IMG_4376-768x512.jpg 768w, https:\/\/www.xn--elinfysio-w2a.fi\/liikuttavan\/wp-content\/uploads\/2021\/02\/IMG_4376.jpg 1200w\" sizes=\"auto, (max-width: 1024px) 100vw, 1024px\" \/><\/figure>\n\n\n\n<p>Agilityssa Liekki pyrkii 10 oppilaan tavoin tekem\u00e4\u00e4n kaiken oikein. Lajina se on Liekille henki ja el\u00e4m\u00e4. Lelu ja namit toimivat palkkana, l\u00e4hinn\u00e4 palkkautuu kuitenkin tekemisest\u00e4. Liekille liikkuminen on ollut vaivatonta ja rentoa. Ty\u00f6moraalia Liekilt\u00e4 l\u00f6ytyy sen verran, ett\u00e4 aina kun t\u00f6it\u00e4 tehd\u00e4\u00e4n, niin ne tehd\u00e4\u00e4n t\u00e4ysill\u00e4, muulloin otetaan rennommin. Sill\u00e4 ei ole ollut liev\u00e4\u00e4 ven\u00e4hdyst\u00e4 isompia urheiluvammoja aikuisi\u00e4ll\u00e4. Pentuna lis\u00e4ksi varpaan ven\u00e4hdys sen j\u00e4\u00e4ty\u00e4 h\u00e4kin pinnojen v\u00e4liin jumiin.<\/p>\n\n\n\n<p>Liekki on esiintynyt paljon Espoon El\u00e4infysioterapian fysiikkatreenivideoilla. Kuvauksissa Liekki on iloinen ja tekee pyydetyt teht\u00e4v\u00e4t mielell\u00e4\u00e4n ja toimistolle tullessaan menee jo itse kuvaushuoneeseen odottamaan t\u00f6iden alkua, oltiin t\u00f6ihin menossa tahi ei.<\/p>\n\n\n\n<figure class=\"wp-block-gallery columns-3 is-cropped wp-block-gallery-1 is-layout-flex wp-block-gallery-is-layout-flex\"><ul class=\"blocks-gallery-grid\"><li class=\"blocks-gallery-item\"><figure><img loading=\"lazy\" decoding=\"async\" width=\"1024\" height=\"683\" src=\"https:\/\/www.xn--elinfysio-w2a.fi\/liikuttavan\/wp-content\/uploads\/2021\/02\/IMG_4334-1024x683.jpg\" alt=\"\" data-id=\"106\" data-full-url=\"https:\/\/www.xn--elinfysio-w2a.fi\/liikuttavan\/wp-content\/uploads\/2021\/02\/IMG_4334.jpg\" data-link=\"https:\/\/www.xn--elinfysio-w2a.fi\/liikuttavan\/?attachment_id=106\" class=\"wp-image-106\" srcset=\"https:\/\/www.xn--elinfysio-w2a.fi\/liikuttavan\/wp-content\/uploads\/2021\/02\/IMG_4334-1024x683.jpg 1024w, https:\/\/www.xn--elinfysio-w2a.fi\/liikuttavan\/wp-content\/uploads\/2021\/02\/IMG_4334-300x200.jpg 300w, https:\/\/www.xn--elinfysio-w2a.fi\/liikuttavan\/wp-content\/uploads\/2021\/02\/IMG_4334-768x512.jpg 768w, https:\/\/www.xn--elinfysio-w2a.fi\/liikuttavan\/wp-content\/uploads\/2021\/02\/IMG_4334.jpg 1200w\" sizes=\"auto, (max-width: 1024px) 100vw, 1024px\" \/><\/figure><\/li><li class=\"blocks-gallery-item\"><figure><img loading=\"lazy\" decoding=\"async\" width=\"1024\" height=\"683\" src=\"https:\/\/www.xn--elinfysio-w2a.fi\/liikuttavan\/wp-content\/uploads\/2021\/02\/IMG_4259-1024x683.jpg\" alt=\"\" data-id=\"105\" data-full-url=\"https:\/\/www.xn--elinfysio-w2a.fi\/liikuttavan\/wp-content\/uploads\/2021\/02\/IMG_4259.jpg\" data-link=\"https:\/\/www.xn--elinfysio-w2a.fi\/liikuttavan\/?attachment_id=105\" class=\"wp-image-105\" srcset=\"https:\/\/www.xn--elinfysio-w2a.fi\/liikuttavan\/wp-content\/uploads\/2021\/02\/IMG_4259-1024x683.jpg 1024w, https:\/\/www.xn--elinfysio-w2a.fi\/liikuttavan\/wp-content\/uploads\/2021\/02\/IMG_4259-300x200.jpg 300w, https:\/\/www.xn--elinfysio-w2a.fi\/liikuttavan\/wp-content\/uploads\/2021\/02\/IMG_4259-768x512.jpg 768w, https:\/\/www.xn--elinfysio-w2a.fi\/liikuttavan\/wp-content\/uploads\/2021\/02\/IMG_4259.jpg 1200w\" sizes=\"auto, (max-width: 1024px) 100vw, 1024px\" \/><\/figure><\/li><li class=\"blocks-gallery-item\"><figure><img loading=\"lazy\" decoding=\"async\" width=\"683\" height=\"1024\" src=\"https:\/\/www.xn--elinfysio-w2a.fi\/liikuttavan\/wp-content\/uploads\/2021\/02\/IMG_4144-683x1024.jpg\" alt=\"\" data-id=\"104\" data-full-url=\"https:\/\/www.xn--elinfysio-w2a.fi\/liikuttavan\/wp-content\/uploads\/2021\/02\/IMG_4144.jpg\" data-link=\"https:\/\/www.xn--elinfysio-w2a.fi\/liikuttavan\/?attachment_id=104\" class=\"wp-image-104\" srcset=\"https:\/\/www.xn--elinfysio-w2a.fi\/liikuttavan\/wp-content\/uploads\/2021\/02\/IMG_4144-683x1024.jpg 683w, https:\/\/www.xn--elinfysio-w2a.fi\/liikuttavan\/wp-content\/uploads\/2021\/02\/IMG_4144-200x300.jpg 200w, https:\/\/www.xn--elinfysio-w2a.fi\/liikuttavan\/wp-content\/uploads\/2021\/02\/IMG_4144-768x1152.jpg 768w, https:\/\/www.xn--elinfysio-w2a.fi\/liikuttavan\/wp-content\/uploads\/2021\/02\/IMG_4144.jpg 800w\" sizes=\"auto, (max-width: 683px) 100vw, 683px\" \/><\/figure><\/li><li class=\"blocks-gallery-item\"><figure><img loading=\"lazy\" decoding=\"async\" width=\"1024\" height=\"683\" src=\"https:\/\/www.xn--elinfysio-w2a.fi\/liikuttavan\/wp-content\/uploads\/2021\/02\/IMG_4106-1024x683.jpg\" alt=\"\" data-id=\"103\" data-full-url=\"https:\/\/www.xn--elinfysio-w2a.fi\/liikuttavan\/wp-content\/uploads\/2021\/02\/IMG_4106.jpg\" data-link=\"https:\/\/www.xn--elinfysio-w2a.fi\/liikuttavan\/?attachment_id=103\" class=\"wp-image-103\" srcset=\"https:\/\/www.xn--elinfysio-w2a.fi\/liikuttavan\/wp-content\/uploads\/2021\/02\/IMG_4106-1024x683.jpg 1024w, https:\/\/www.xn--elinfysio-w2a.fi\/liikuttavan\/wp-content\/uploads\/2021\/02\/IMG_4106-300x200.jpg 300w, https:\/\/www.xn--elinfysio-w2a.fi\/liikuttavan\/wp-content\/uploads\/2021\/02\/IMG_4106-768x512.jpg 768w, https:\/\/www.xn--elinfysio-w2a.fi\/liikuttavan\/wp-content\/uploads\/2021\/02\/IMG_4106.jpg 1200w\" sizes=\"auto, (max-width: 1024px) 100vw, 1024px\" \/><\/figure><\/li><li class=\"blocks-gallery-item\"><figure><img loading=\"lazy\" decoding=\"async\" width=\"1024\" height=\"683\" src=\"https:\/\/www.xn--elinfysio-w2a.fi\/liikuttavan\/wp-content\/uploads\/2021\/02\/IMG_4101-1024x683.jpg\" alt=\"\" data-id=\"102\" data-full-url=\"https:\/\/www.xn--elinfysio-w2a.fi\/liikuttavan\/wp-content\/uploads\/2021\/02\/IMG_4101.jpg\" data-link=\"https:\/\/www.xn--elinfysio-w2a.fi\/liikuttavan\/?attachment_id=102\" class=\"wp-image-102\" srcset=\"https:\/\/www.xn--elinfysio-w2a.fi\/liikuttavan\/wp-content\/uploads\/2021\/02\/IMG_4101-1024x683.jpg 1024w, https:\/\/www.xn--elinfysio-w2a.fi\/liikuttavan\/wp-content\/uploads\/2021\/02\/IMG_4101-300x200.jpg 300w, https:\/\/www.xn--elinfysio-w2a.fi\/liikuttavan\/wp-content\/uploads\/2021\/02\/IMG_4101-768x512.jpg 768w, https:\/\/www.xn--elinfysio-w2a.fi\/liikuttavan\/wp-content\/uploads\/2021\/02\/IMG_4101.jpg 1200w\" sizes=\"auto, (max-width: 1024px) 100vw, 1024px\" \/><\/figure><\/li><li class=\"blocks-gallery-item\"><figure><img loading=\"lazy\" decoding=\"async\" width=\"1024\" height=\"683\" src=\"https:\/\/www.xn--elinfysio-w2a.fi\/liikuttavan\/wp-content\/uploads\/2021\/02\/IMG_4093-1024x683.jpg\" alt=\"\" data-id=\"101\" data-full-url=\"https:\/\/www.xn--elinfysio-w2a.fi\/liikuttavan\/wp-content\/uploads\/2021\/02\/IMG_4093.jpg\" data-link=\"https:\/\/www.xn--elinfysio-w2a.fi\/liikuttavan\/?attachment_id=101\" class=\"wp-image-101\" srcset=\"https:\/\/www.xn--elinfysio-w2a.fi\/liikuttavan\/wp-content\/uploads\/2021\/02\/IMG_4093-1024x683.jpg 1024w, https:\/\/www.xn--elinfysio-w2a.fi\/liikuttavan\/wp-content\/uploads\/2021\/02\/IMG_4093-300x200.jpg 300w, https:\/\/www.xn--elinfysio-w2a.fi\/liikuttavan\/wp-content\/uploads\/2021\/02\/IMG_4093-768x512.jpg 768w, https:\/\/www.xn--elinfysio-w2a.fi\/liikuttavan\/wp-content\/uploads\/2021\/02\/IMG_4093.jpg 1200w\" sizes=\"auto, (max-width: 1024px) 100vw, 1024px\" \/><\/figure><\/li><li class=\"blocks-gallery-item\"><figure><img loading=\"lazy\" decoding=\"async\" width=\"1024\" height=\"683\" src=\"https:\/\/www.xn--elinfysio-w2a.fi\/liikuttavan\/wp-content\/uploads\/2021\/02\/IMG_4089-1024x683.jpg\" alt=\"\" data-id=\"100\" data-full-url=\"https:\/\/www.xn--elinfysio-w2a.fi\/liikuttavan\/wp-content\/uploads\/2021\/02\/IMG_4089.jpg\" data-link=\"https:\/\/www.xn--elinfysio-w2a.fi\/liikuttavan\/?attachment_id=100\" class=\"wp-image-100\" srcset=\"https:\/\/www.xn--elinfysio-w2a.fi\/liikuttavan\/wp-content\/uploads\/2021\/02\/IMG_4089-1024x683.jpg 1024w, https:\/\/www.xn--elinfysio-w2a.fi\/liikuttavan\/wp-content\/uploads\/2021\/02\/IMG_4089-300x200.jpg 300w, https:\/\/www.xn--elinfysio-w2a.fi\/liikuttavan\/wp-content\/uploads\/2021\/02\/IMG_4089-768x512.jpg 768w, https:\/\/www.xn--elinfysio-w2a.fi\/liikuttavan\/wp-content\/uploads\/2021\/02\/IMG_4089.jpg 1200w\" sizes=\"auto, (max-width: 1024px) 100vw, 1024px\" \/><\/figure><\/li><li class=\"blocks-gallery-item\"><figure><img loading=\"lazy\" decoding=\"async\" width=\"1024\" height=\"683\" src=\"https:\/\/www.xn--elinfysio-w2a.fi\/liikuttavan\/wp-content\/uploads\/2021\/02\/IMG_4084-1024x683.jpg\" alt=\"\" data-id=\"99\" data-full-url=\"https:\/\/www.xn--elinfysio-w2a.fi\/liikuttavan\/wp-content\/uploads\/2021\/02\/IMG_4084.jpg\" data-link=\"https:\/\/www.xn--elinfysio-w2a.fi\/liikuttavan\/?attachment_id=99\" class=\"wp-image-99\" srcset=\"https:\/\/www.xn--elinfysio-w2a.fi\/liikuttavan\/wp-content\/uploads\/2021\/02\/IMG_4084-1024x683.jpg 1024w, https:\/\/www.xn--elinfysio-w2a.fi\/liikuttavan\/wp-content\/uploads\/2021\/02\/IMG_4084-300x200.jpg 300w, https:\/\/www.xn--elinfysio-w2a.fi\/liikuttavan\/wp-content\/uploads\/2021\/02\/IMG_4084-768x512.jpg 768w, https:\/\/www.xn--elinfysio-w2a.fi\/liikuttavan\/wp-content\/uploads\/2021\/02\/IMG_4084.jpg 1200w\" sizes=\"auto, (max-width: 1024px) 100vw, 1024px\" \/><\/figure><\/li><li class=\"blocks-gallery-item\"><figure><img loading=\"lazy\" decoding=\"async\" width=\"1024\" height=\"683\" src=\"https:\/\/www.xn--elinfysio-w2a.fi\/liikuttavan\/wp-content\/uploads\/2021\/02\/IMG_4032-1024x683.jpg\" alt=\"\" data-id=\"97\" data-full-url=\"https:\/\/www.xn--elinfysio-w2a.fi\/liikuttavan\/wp-content\/uploads\/2021\/02\/IMG_4032.jpg\" data-link=\"https:\/\/www.xn--elinfysio-w2a.fi\/liikuttavan\/?attachment_id=97\" class=\"wp-image-97\" srcset=\"https:\/\/www.xn--elinfysio-w2a.fi\/liikuttavan\/wp-content\/uploads\/2021\/02\/IMG_4032-1024x683.jpg 1024w, https:\/\/www.xn--elinfysio-w2a.fi\/liikuttavan\/wp-content\/uploads\/2021\/02\/IMG_4032-300x200.jpg 300w, https:\/\/www.xn--elinfysio-w2a.fi\/liikuttavan\/wp-content\/uploads\/2021\/02\/IMG_4032-768x512.jpg 768w, https:\/\/www.xn--elinfysio-w2a.fi\/liikuttavan\/wp-content\/uploads\/2021\/02\/IMG_4032.jpg 1200w\" sizes=\"auto, (max-width: 1024px) 100vw, 1024px\" \/><\/figure><\/li><li class=\"blocks-gallery-item\"><figure><img loading=\"lazy\" decoding=\"async\" width=\"1024\" height=\"683\" src=\"https:\/\/www.xn--elinfysio-w2a.fi\/liikuttavan\/wp-content\/uploads\/2021\/02\/IMG_3597-1024x683.jpg\" alt=\"\" data-id=\"95\" data-full-url=\"https:\/\/www.xn--elinfysio-w2a.fi\/liikuttavan\/wp-content\/uploads\/2021\/02\/IMG_3597.jpg\" data-link=\"https:\/\/www.xn--elinfysio-w2a.fi\/liikuttavan\/?attachment_id=95\" class=\"wp-image-95\" srcset=\"https:\/\/www.xn--elinfysio-w2a.fi\/liikuttavan\/wp-content\/uploads\/2021\/02\/IMG_3597-1024x683.jpg 1024w, https:\/\/www.xn--elinfysio-w2a.fi\/liikuttavan\/wp-content\/uploads\/2021\/02\/IMG_3597-300x200.jpg 300w, https:\/\/www.xn--elinfysio-w2a.fi\/liikuttavan\/wp-content\/uploads\/2021\/02\/IMG_3597-768x512.jpg 768w, https:\/\/www.xn--elinfysio-w2a.fi\/liikuttavan\/wp-content\/uploads\/2021\/02\/IMG_3597.jpg 1200w\" sizes=\"auto, (max-width: 1024px) 100vw, 1024px\" \/><\/figure><\/li><li class=\"blocks-gallery-item\"><figure><img loading=\"lazy\" decoding=\"async\" width=\"1024\" height=\"745\" src=\"https:\/\/www.xn--elinfysio-w2a.fi\/liikuttavan\/wp-content\/uploads\/2021\/02\/IMG_9628-1024x745.jpg\" alt=\"\" data-id=\"94\" data-full-url=\"https:\/\/www.xn--elinfysio-w2a.fi\/liikuttavan\/wp-content\/uploads\/2021\/02\/IMG_9628.jpg\" data-link=\"https:\/\/www.xn--elinfysio-w2a.fi\/liikuttavan\/?attachment_id=94\" class=\"wp-image-94\" srcset=\"https:\/\/www.xn--elinfysio-w2a.fi\/liikuttavan\/wp-content\/uploads\/2021\/02\/IMG_9628-1024x745.jpg 1024w, https:\/\/www.xn--elinfysio-w2a.fi\/liikuttavan\/wp-content\/uploads\/2021\/02\/IMG_9628-300x218.jpg 300w, https:\/\/www.xn--elinfysio-w2a.fi\/liikuttavan\/wp-content\/uploads\/2021\/02\/IMG_9628-768x559.jpg 768w, https:\/\/www.xn--elinfysio-w2a.fi\/liikuttavan\/wp-content\/uploads\/2021\/02\/IMG_9628.jpg 1200w\" sizes=\"auto, (max-width: 1024px) 100vw, 1024px\" \/><\/figure><\/li><li class=\"blocks-gallery-item\"><figure><img loading=\"lazy\" decoding=\"async\" width=\"1024\" height=\"683\" src=\"https:\/\/www.xn--elinfysio-w2a.fi\/liikuttavan\/wp-content\/uploads\/2021\/02\/IMG_9573-1024x683.jpg\" alt=\"\" data-id=\"93\" data-full-url=\"https:\/\/www.xn--elinfysio-w2a.fi\/liikuttavan\/wp-content\/uploads\/2021\/02\/IMG_9573.jpg\" data-link=\"https:\/\/www.xn--elinfysio-w2a.fi\/liikuttavan\/?attachment_id=93\" class=\"wp-image-93\" srcset=\"https:\/\/www.xn--elinfysio-w2a.fi\/liikuttavan\/wp-content\/uploads\/2021\/02\/IMG_9573-1024x683.jpg 1024w, https:\/\/www.xn--elinfysio-w2a.fi\/liikuttavan\/wp-content\/uploads\/2021\/02\/IMG_9573-300x200.jpg 300w, https:\/\/www.xn--elinfysio-w2a.fi\/liikuttavan\/wp-content\/uploads\/2021\/02\/IMG_9573-768x512.jpg 768w, https:\/\/www.xn--elinfysio-w2a.fi\/liikuttavan\/wp-content\/uploads\/2021\/02\/IMG_9573.jpg 1200w\" sizes=\"auto, (max-width: 1024px) 100vw, 1024px\" \/><\/figure><\/li><li class=\"blocks-gallery-item\"><figure><img loading=\"lazy\" decoding=\"async\" width=\"1024\" height=\"683\" src=\"https:\/\/www.xn--elinfysio-w2a.fi\/liikuttavan\/wp-content\/uploads\/2021\/02\/IMG_9502-1024x683.jpg\" alt=\"\" data-id=\"92\" data-full-url=\"https:\/\/www.xn--elinfysio-w2a.fi\/liikuttavan\/wp-content\/uploads\/2021\/02\/IMG_9502.jpg\" data-link=\"https:\/\/www.xn--elinfysio-w2a.fi\/liikuttavan\/?attachment_id=92\" class=\"wp-image-92\" srcset=\"https:\/\/www.xn--elinfysio-w2a.fi\/liikuttavan\/wp-content\/uploads\/2021\/02\/IMG_9502-1024x683.jpg 1024w, https:\/\/www.xn--elinfysio-w2a.fi\/liikuttavan\/wp-content\/uploads\/2021\/02\/IMG_9502-300x200.jpg 300w, https:\/\/www.xn--elinfysio-w2a.fi\/liikuttavan\/wp-content\/uploads\/2021\/02\/IMG_9502-768x512.jpg 768w, https:\/\/www.xn--elinfysio-w2a.fi\/liikuttavan\/wp-content\/uploads\/2021\/02\/IMG_9502.jpg 1200w\" sizes=\"auto, (max-width: 1024px) 100vw, 1024px\" \/><\/figure><\/li><\/ul><\/figure>\n\n\n\n<p>Paimentamassa Liekki on k\u00e4ynyt muutamia kertoja ja saanut t\u00e4ll\u00f6in kehuja tarkoituksenmukaisesta toiminnasta, rohkeudesta menn\u00e4 lampaiden l\u00e4helle, mutta reiluudesta lampaita kohtaan.<\/p>\n\n\n\n<p>Tokon pohjia on tehty nuorempana, my\u00f6s t\u00e4t\u00e4 Liekki on suorittanut pedantisti. Paimennus ja toko j\u00e4\u00e4neet agilityyn keskittymisen j\u00e4lkeen.<\/p>\n\n\n\n<p>Liekilt\u00e4 on leikattu suolistotukos 2018. T\u00e4m\u00e4 aiheutui Liekin stressattua lauman toisen koiran vakavaa sairastumista, mik\u00e4 johti p\u00e4iv\u00e4peiton palan sy\u00f6miseen. Leikkauksessa tapahtui pieni komplikaatio, joka korjattiin 2019. <\/p>\n\n\n\n<p>Liekki on terveystutkittu ja geenitestattu. Lonkat A\/B, kyyn\u00e4r\u00e4t 0\/0, polvet 0\/0, olat ja selk\u00e4 terve sek\u00e4 silm\u00e4tarkastus on hyv\u00e4ksytty.<\/p>\n\n\n\n<p>Liekki l\u00f6ytyy jalostustietokannasta osoitteesta <a href=\"https:\/\/jalostus.kennelliitto.fi\/frmKoira.aspx?RekNo=FI47950\/14&amp;R=297\" target=\"_blank\" rel=\"noreferrer noopener\">https:\/\/jalostus.kennelliitto.fi\/frmKoira.aspx?RekNo=FI47950\/14&amp;R=297<\/a><\/p>\n\n\n\n<h4 class=\"wp-block-heading\">Rob, Pen-Y-Borough Rob <\/h4>\n\n\n\n<p>Rob on tuontikoira Iso-Britanniasta. Nyky\u00e4\u00e4n Rob asuu keski-Saksassa, jossa h\u00e4n ty\u00f6skentelee lammastilalla paimenkoirana. Maatilalla on hyvin monenlaisia el\u00e4imi\u00e4 ja ty\u00f6koiriakin kymmenkunta. Rob on hyvin yst\u00e4v\u00e4llinen koira, niin ihmisi\u00e4 kuin muitakin el\u00e4imi\u00e4 kohtaan. Rob on  lyhytkarvainen, mutta periytt\u00e4nyt my\u00f6s pidemp\u00e4\u00e4 turkkia aiemmin. Rob on varsin kuuliainen paimennusty\u00f6ss\u00e4\u00e4n. Robilla on ennest\u00e4\u00e4n kolme pentuetta Saksassa ja yksi Sveitsiss\u00e4.  <\/p>\n\n\n\n<figure class=\"wp-block-image size-large\"><img loading=\"lazy\" decoding=\"async\" width=\"855\" height=\"541\" src=\"https:\/\/www.xn--elinfysio-w2a.fi\/liikuttavan\/wp-content\/uploads\/2021\/02\/image.png\" alt=\"\" class=\"wp-image-59\" srcset=\"https:\/\/www.xn--elinfysio-w2a.fi\/liikuttavan\/wp-content\/uploads\/2021\/02\/image.png 855w, https:\/\/www.xn--elinfysio-w2a.fi\/liikuttavan\/wp-content\/uploads\/2021\/02\/image-300x190.png 300w, https:\/\/www.xn--elinfysio-w2a.fi\/liikuttavan\/wp-content\/uploads\/2021\/02\/image-768x486.png 768w\" sizes=\"auto, (max-width: 855px) 100vw, 855px\" \/><figcaption>Robin sukutaulu<\/figcaption><\/figure>\n\n\n\n<h3 class=\"wp-block-heading\">Kiinnostuitko?<\/h3>\n\n\n\n<p>Liekki\u00e4 on mahdollista tavata ulkona pk-seudulla ennen pentujen syntymist\u00e4 ja mik\u00e4li haluat lis\u00e4\u00e4 tietoa Liekist\u00e4 tai Robista tai heid\u00e4n sukulaisistaan, niin otathan meihin yhteytt\u00e4 s\u00e4hk\u00f6postitse info@liikuttavan.fi<\/p>\n","protected":false},"excerpt":{"rendered":"<p>Liekki on astutettu 16.1.2021 ja 18.1.2021 Robilla. Astutus sujui hyvin molemmilla kerroilla. Alla esittelyt vanhemmista. Liekki, Von Schneeland Joiviri Liekki on 6-vuotias bc narttu. Liekki on luonteeltaan avoin ja sosiaalinen ja rakastaa kaikkia vieraita ihmisi\u00e4 ensi hetkest\u00e4. Koirien kanssa Liekki tulee yleens\u00e4 hyvin juttuun ja reagoi vasta voimakkaasti provosoituna. Pyrkii v\u00e4ltt\u00e4m\u00e4\u00e4n konflikteja. Liekki rakastaa juosta [&hellip;]<\/p>\n","protected":false},"author":1,"featured_media":0,"parent":0,"menu_order":0,"comment_status":"closed","ping_status":"closed","template":"","meta":{"footnotes":""},"class_list":["post-10","page","type-page","status-publish","hentry"],"yoast_head":"<!-- This site is optimized with the Yoast SEO plugin v16.2 - https:\/\/yoast.com\/wordpress\/plugins\/seo\/ -->\n<title>Koirat ja pentueet - Kennel Liikuttavan<\/title>\n<meta name=\"robots\" content=\"index, follow, max-snippet:-1, max-image-preview:large, max-video-preview:-1\" \/>\n<link rel=\"canonical\" href=\"https:\/\/www.liikuttavan.fi\/?page_id=10\" \/>\n<meta property=\"og:locale\" content=\"en_US\" \/>\n<meta property=\"og:type\" content=\"article\" \/>\n<meta property=\"og:title\" content=\"Koirat ja pentueet - Kennel Liikuttavan\" \/>\n<meta property=\"og:description\" content=\"Liekki on astutettu 16.1.2021 ja 18.1.2021 Robilla. Astutus sujui hyvin molemmilla kerroilla. Alla esittelyt vanhemmista. Liekki, Von Schneeland Joiviri Liekki on 6-vuotias bc narttu. Liekki on luonteeltaan avoin ja sosiaalinen ja rakastaa kaikkia vieraita ihmisi\u00e4 ensi hetkest\u00e4. Koirien kanssa Liekki tulee yleens\u00e4 hyvin juttuun ja reagoi vasta voimakkaasti provosoituna. Pyrkii v\u00e4ltt\u00e4m\u00e4\u00e4n konflikteja. Liekki rakastaa juosta [&hellip;]\" \/>\n<meta property=\"og:url\" content=\"https:\/\/www.liikuttavan.fi\/?page_id=10\" \/>\n<meta property=\"og:site_name\" content=\"Kennel Liikuttavan\" \/>\n<meta property=\"article:modified_time\" content=\"2021-02-24T17:03:29+00:00\" \/>\n<meta property=\"og:image\" content=\"https:\/\/www.xn--elinfysio-w2a.fi\/liikuttavan\/wp-content\/uploads\/2021\/02\/WhatsApp-Image-2021-02-12-at-11.14.34.jpeg\" \/>\n<meta name=\"twitter:card\" content=\"summary_large_image\" \/>\n<meta name=\"twitter:label1\" content=\"Est. reading time\">\n\t<meta name=\"twitter:data1\" content=\"5 minutes\">\n<script type=\"application\/ld+json\" class=\"yoast-schema-graph\">{\"@context\":\"https:\/\/schema.org\",\"@graph\":[{\"@type\":\"WebSite\",\"@id\":\"https:\/\/www.liikuttavan.fi\/#website\",\"url\":\"https:\/\/www.liikuttavan.fi\/\",\"name\":\"Kennel Liikuttavan\",\"description\":\"\",\"potentialAction\":[{\"@type\":\"SearchAction\",\"target\":\"https:\/\/www.liikuttavan.fi\/?s={search_term_string}\",\"query-input\":\"required name=search_term_string\"}],\"inLanguage\":\"en\"},{\"@type\":\"ImageObject\",\"@id\":\"https:\/\/www.liikuttavan.fi\/?page_id=10#primaryimage\",\"inLanguage\":\"en\",\"url\":\"https:\/\/www.xn--elinfysio-w2a.fi\/liikuttavan\/wp-content\/uploads\/2021\/02\/WhatsApp-Image-2021-02-12-at-11.14.34.jpeg\",\"contentUrl\":\"https:\/\/www.xn--elinfysio-w2a.fi\/liikuttavan\/wp-content\/uploads\/2021\/02\/WhatsApp-Image-2021-02-12-at-11.14.34.jpeg\",\"width\":940,\"height\":788},{\"@type\":\"WebPage\",\"@id\":\"https:\/\/www.liikuttavan.fi\/?page_id=10#webpage\",\"url\":\"https:\/\/www.liikuttavan.fi\/?page_id=10\",\"name\":\"Koirat ja pentueet - Kennel Liikuttavan\",\"isPartOf\":{\"@id\":\"https:\/\/www.liikuttavan.fi\/#website\"},\"primaryImageOfPage\":{\"@id\":\"https:\/\/www.liikuttavan.fi\/?page_id=10#primaryimage\"},\"datePublished\":\"2021-01-24T07:31:05+00:00\",\"dateModified\":\"2021-02-24T17:03:29+00:00\",\"breadcrumb\":{\"@id\":\"https:\/\/www.liikuttavan.fi\/?page_id=10#breadcrumb\"},\"inLanguage\":\"en\",\"potentialAction\":[{\"@type\":\"ReadAction\",\"target\":[\"https:\/\/www.liikuttavan.fi\/?page_id=10\"]}]},{\"@type\":\"BreadcrumbList\",\"@id\":\"https:\/\/www.liikuttavan.fi\/?page_id=10#breadcrumb\",\"itemListElement\":[{\"@type\":\"ListItem\",\"position\":1,\"item\":{\"@type\":\"WebPage\",\"@id\":\"https:\/\/www.liikuttavan.fi\/\",\"url\":\"https:\/\/www.liikuttavan.fi\/\",\"name\":\"Home\"}},{\"@type\":\"ListItem\",\"position\":2,\"item\":{\"@id\":\"https:\/\/www.liikuttavan.fi\/?page_id=10#webpage\"}}]}]}<\/script>\n<!-- \/ Yoast SEO plugin. -->","_links":{"self":[{"href":"https:\/\/www.liikuttavan.fi\/index.php?rest_route=\/wp\/v2\/pages\/10","targetHints":{"allow":["GET"]}}],"collection":[{"href":"https:\/\/www.liikuttavan.fi\/index.php?rest_route=\/wp\/v2\/pages"}],"about":[{"href":"https:\/\/www.liikuttavan.fi\/index.php?rest_route=\/wp\/v2\/types\/page"}],"author":[{"embeddable":true,"href":"https:\/\/www.liikuttavan.fi\/index.php?rest_route=\/wp\/v2\/users\/1"}],"replies":[{"embeddable":true,"href":"https:\/\/www.liikuttavan.fi\/index.php?rest_route=%2Fwp%2Fv2%2Fcomments&post=10"}],"version-history":[{"count":18,"href":"https:\/\/www.liikuttavan.fi\/index.php?rest_route=\/wp\/v2\/pages\/10\/revisions"}],"predecessor-version":[{"id":110,"href":"https:\/\/www.liikuttavan.fi\/index.php?rest_route=\/wp\/v2\/pages\/10\/revisions\/110"}],"wp:attachment":[{"href":"https:\/\/www.liikuttavan.fi\/index.php?rest_route=%2Fwp%2Fv2%2Fmedia&parent=10"}],"curies":[{"name":"wp","href":"https:\/\/api.w.org\/{rel}","templated":true}]}}