{"id":8,"date":"2021-01-24T07:31:04","date_gmt":"2021-01-24T07:31:04","guid":{"rendered":"https:\/\/www.xn--elinfysio-w2a.fi\/liikuttavan\/?page_id=8"},"modified":"2021-02-08T06:59:45","modified_gmt":"2021-02-08T06:59:45","slug":"contact","status":"publish","type":"page","link":"https:\/\/www.liikuttavan.fi\/?page_id=8","title":{"rendered":"Yhteystiedot"},"content":{"rendered":"\n<p>L\u00f6yd\u00e4t meid\u00e4t instagramista @liikuttavan<\/p>\n\n\n\n<p>Saat parhaiten yhteyden meihin s\u00e4hk\u00f6postilla info@liikuttavan.fi<\/p>\n","protected":false},"excerpt":{"rendered":"<p>L\u00f6yd\u00e4t meid\u00e4t instagramista @liikuttavan Saat parhaiten yhteyden meihin s\u00e4hk\u00f6postilla info@liikuttavan.fi<\/p>\n","protected":false},"author":1,"featured_media":0,"parent":0,"menu_order":0,"comment_status":"closed","ping_status":"closed","template":"","meta":{"footnotes":""},"class_list":["post-8","page","type-page","status-publish","hentry"],"yoast_head":"<!-- This site is optimized with the Yoast SEO plugin v16.2 - https:\/\/yoast.com\/wordpress\/plugins\/seo\/ -->\n<title>Yhteystiedot - Kennel Liikuttavan<\/title>\n<meta name=\"robots\" content=\"index, follow, max-snippet:-1, max-image-preview:large, max-video-preview:-1\" \/>\n<link rel=\"canonical\" href=\"https:\/\/www.liikuttavan.fi\/?page_id=8\" \/>\n<meta property=\"og:locale\" content=\"en_US\" \/>\n<meta property=\"og:type\" content=\"article\" \/>\n<meta property=\"og:title\" content=\"Yhteystiedot - Kennel Liikuttavan\" \/>\n<meta property=\"og:description\" content=\"L\u00f6yd\u00e4t meid\u00e4t instagramista @liikuttavan Saat parhaiten yhteyden meihin s\u00e4hk\u00f6postilla info@liikuttavan.fi\" \/>\n<meta property=\"og:url\" content=\"https:\/\/www.liikuttavan.fi\/?page_id=8\" \/>\n<meta property=\"og:site_name\" content=\"Kennel Liikuttavan\" \/>\n<meta property=\"article:modified_time\" content=\"2021-02-08T06:59:45+00:00\" \/>\n<meta name=\"twitter:card\" content=\"summary_large_image\" \/>\n<meta name=\"twitter:label1\" content=\"Est. reading time\">\n\t<meta name=\"twitter:data1\" content=\"1 minute\">\n<script type=\"application\/ld+json\" class=\"yoast-schema-graph\">{\"@context\":\"https:\/\/schema.org\",\"@graph\":[{\"@type\":\"WebSite\",\"@id\":\"https:\/\/www.liikuttavan.fi\/#website\",\"url\":\"https:\/\/www.liikuttavan.fi\/\",\"name\":\"Kennel Liikuttavan\",\"description\":\"\",\"potentialAction\":[{\"@type\":\"SearchAction\",\"target\":\"https:\/\/www.liikuttavan.fi\/?s={search_term_string}\",\"query-input\":\"required name=search_term_string\"}],\"inLanguage\":\"en\"},{\"@type\":\"WebPage\",\"@id\":\"https:\/\/www.liikuttavan.fi\/?page_id=8#webpage\",\"url\":\"https:\/\/www.liikuttavan.fi\/?page_id=8\",\"name\":\"Yhteystiedot - Kennel Liikuttavan\",\"isPartOf\":{\"@id\":\"https:\/\/www.liikuttavan.fi\/#website\"},\"datePublished\":\"2021-01-24T07:31:04+00:00\",\"dateModified\":\"2021-02-08T06:59:45+00:00\",\"breadcrumb\":{\"@id\":\"https:\/\/www.liikuttavan.fi\/?page_id=8#breadcrumb\"},\"inLanguage\":\"en\",\"potentialAction\":[{\"@type\":\"ReadAction\",\"target\":[\"https:\/\/www.liikuttavan.fi\/?page_id=8\"]}]},{\"@type\":\"BreadcrumbList\",\"@id\":\"https:\/\/www.liikuttavan.fi\/?page_id=8#breadcrumb\",\"itemListElement\":[{\"@type\":\"ListItem\",\"position\":1,\"item\":{\"@type\":\"WebPage\",\"@id\":\"https:\/\/www.liikuttavan.fi\/\",\"url\":\"https:\/\/www.liikuttavan.fi\/\",\"name\":\"Home\"}},{\"@type\":\"ListItem\",\"position\":2,\"item\":{\"@id\":\"https:\/\/www.liikuttavan.fi\/?page_id=8#webpage\"}}]}]}<\/script>\n<!-- \/ Yoast SEO plugin. -->","_links":{"self":[{"href":"https:\/\/www.liikuttavan.fi\/index.php?rest_route=\/wp\/v2\/pages\/8","targetHints":{"allow":["GET"]}}],"collection":[{"href":"https:\/\/www.liikuttavan.fi\/index.php?rest_route=\/wp\/v2\/pages"}],"about":[{"href":"https:\/\/www.liikuttavan.fi\/index.php?rest_route=\/wp\/v2\/types\/page"}],"author":[{"embeddable":true,"href":"https:\/\/www.liikuttavan.fi\/index.php?rest_route=\/wp\/v2\/users\/1"}],"replies":[{"embeddable":true,"href":"https:\/\/www.liikuttavan.fi\/index.php?rest_route=%2Fwp%2Fv2%2Fcomments&post=8"}],"version-history":[{"count":3,"href":"https:\/\/www.liikuttavan.fi\/index.php?rest_route=\/wp\/v2\/pages\/8\/revisions"}],"predecessor-version":[{"id":79,"href":"https:\/\/www.liikuttavan.fi\/index.php?rest_route=\/wp\/v2\/pages\/8\/revisions\/79"}],"wp:attachment":[{"href":"https:\/\/www.liikuttavan.fi\/index.php?rest_route=%2Fwp%2Fv2%2Fmedia&parent=8"}],"curies":[{"name":"wp","href":"https:\/\/api.w.org\/{rel}","templated":true}]}}